{"id":871,"date":"2025-09-16T00:07:53","date_gmt":"2025-09-15T22:07:53","guid":{"rendered":"https:\/\/akzrp.cz\/fee-schedule\/"},"modified":"2025-09-16T14:12:19","modified_gmt":"2025-09-16T12:12:19","slug":"fee-schedule","status":"publish","type":"page","link":"https:\/\/akzrp.cz\/en\/fee-schedule\/","title":{"rendered":"Fee Schedule"},"content":{"rendered":"\t\t<div data-elementor-type=\"wp-page\" data-elementor-id=\"871\" class=\"elementor elementor-871 elementor-720\" data-elementor-post-type=\"page\">\n\t\t\t\t<div class=\"elementor-element elementor-element-74b0d25 e-flex e-con-boxed e-con e-parent\" data-id=\"74b0d25\" data-element_type=\"container\" data-settings=\"{&quot;background_background&quot;:&quot;classic&quot;}\">\n\t\t\t\t\t<div class=\"e-con-inner\">\n\t\t\t\t<div class=\"elementor-element elementor-element-3f7963e elementor-widget elementor-widget-heading\" data-id=\"3f7963e\" data-element_type=\"widget\" data-widget_type=\"heading.default\">\n\t\t\t\t\t<h1 class=\"elementor-heading-title elementor-size-default\">Fee Schedule<\/h1>\t\t\t\t<\/div>\n\t\t\t\t\t<\/div>\n\t\t\t\t<\/div>\n\t\t<div class=\"elementor-element elementor-element-dd1abce e-flex e-con-boxed e-con e-parent\" data-id=\"dd1abce\" data-element_type=\"container\" data-settings=\"{&quot;background_background&quot;:&quot;classic&quot;}\">\n\t\t\t\t\t<div class=\"e-con-inner\">\n\t\t\t\t<div class=\"elementor-element elementor-element-9dcbf1f elementor-widget elementor-widget-text-editor\" data-id=\"9dcbf1f\" data-element_type=\"widget\" data-widget_type=\"text-editor.default\">\n\t\t\t\t\t\t\t\t\t<p>Each legal matter is unique; therefore, we always prepare a&nbsp;customised fee proposal tailored to the specific case. When determining the price for services, we consider the value of the matter, its legal and factual complexity, and the time required.<\/p>\t\t\t\t\t\t\t\t<\/div>\n\t\t\t\t<div class=\"elementor-element elementor-element-1221f22 elementor-widget elementor-widget-text-editor\" data-id=\"1221f22\" data-element_type=\"widget\" data-widget_type=\"text-editor.default\">\n\t\t\t\t\t\t\t\t\t<p>Fees may be determined in two ways:<\/p><p><strong>1) Contractual fee<\/strong> \u2013 If a&nbsp;contractual fee arrangement is agreed upon with the client, the fee is most commonly set as one of the following<\/p><ul><li><span style=\"text-decoration: underline;\">hourly rate: <\/span>Legal services are charged at a&nbsp;rate of CZK 2,500 per hour, excluding VAT.<\/li><li><span style=\"text-decoration: underline;\">per-act fee: <\/span>a fee for each individual legal act performed,<\/li><li><span style=\"text-decoration: underline;\">success fee: <\/span>a fee based on the outcome of the case, usually a&nbsp;percentage share of the result combined with reimbursement of actual expenses.<\/li><\/ul><p>These types of contractual fees may also be combined.<\/p><p><strong>2) Statutory fee<\/strong> \u2013 If no contractual fee is agreed, the lawyer\u2019s fee is determined in accordance with the Decree of the Ministry of Justice No. 177\/1996 Coll., <\/p>\t\t\t\t\t\t\t\t<\/div>\n\t\t\t\t\t<\/div>\n\t\t\t\t<\/div>\n\t\t<div class=\"elementor-element elementor-element-6c5a650 e-flex e-con-boxed e-con e-parent\" data-id=\"6c5a650\" data-element_type=\"container\" data-settings=\"{&quot;background_background&quot;:&quot;classic&quot;}\">\n\t\t\t\t\t<div class=\"e-con-inner\">\n\t\t<div class=\"elementor-element elementor-element-33101fe e-con-full e-flex e-con e-child\" data-id=\"33101fe\" data-element_type=\"container\" data-settings=\"{&quot;background_background&quot;:&quot;classic&quot;}\">\n\t\t<div class=\"elementor-element elementor-element-30edf7f e-con-full e-flex e-con e-child\" data-id=\"30edf7f\" data-element_type=\"container\" data-settings=\"{&quot;background_background&quot;:&quot;slideshow&quot;,&quot;background_slideshow_gallery&quot;:[],&quot;background_slideshow_loop&quot;:&quot;yes&quot;,&quot;background_slideshow_slide_duration&quot;:5000,&quot;background_slideshow_slide_transition&quot;:&quot;fade&quot;,&quot;background_slideshow_transition_duration&quot;:500}\">\n\t\t<div class=\"elementor-element elementor-element-0ad7a8f e-con-full e-flex e-con e-child\" data-id=\"0ad7a8f\" data-element_type=\"container\">\n\t\t\t\t<div class=\"elementor-element elementor-element-cf48388 elementor-widget elementor-widget-heading\" data-id=\"cf48388\" data-element_type=\"widget\" data-widget_type=\"heading.default\">\n\t\t\t\t\t<h2 class=\"elementor-heading-title elementor-size-default\">Contact Us<\/h2>\t\t\t\t<\/div>\n\t\t\t\t<div class=\"elementor-element elementor-element-72e0e06 elementor-widget elementor-widget-text-editor\" data-id=\"72e0e06\" data-element_type=\"widget\" data-widget_type=\"text-editor.default\">\n\t\t\t\t\t\t\t\t\t<p>Interested in our services? Visit our contact page and reach out to us in writing or by phone. We look forward to assisting you.<\/p>\t\t\t\t\t\t\t\t<\/div>\n\t\t\t\t<div class=\"elementor-element elementor-element-8559760 elementor-mobile-align-center elementor-widget elementor-widget-button\" data-id=\"8559760\" data-element_type=\"widget\" data-widget_type=\"button.default\">\n\t\t\t\t\t\t\t\t\t\t<a class=\"elementor-button elementor-button-link elementor-size-sm\" href=\"https:\/\/akzrp.cz\/en\/contacts\/\">\n\t\t\t\t\t\t<span class=\"elementor-button-content-wrapper\">\n\t\t\t\t\t\t\t\t\t<span class=\"elementor-button-text\">Contact us<\/span>\n\t\t\t\t\t<\/span>\n\t\t\t\t\t<\/a>\n\t\t\t\t\t\t\t\t<\/div>\n\t\t\t\t<\/div>\n\t\t<div class=\"elementor-element elementor-element-63f5936 e-con-full elementor-hidden-mobile e-flex e-con e-child\" data-id=\"63f5936\" data-element_type=\"container\">\n\t\t\t\t<div class=\"elementor-element elementor-element-d4b9c33 elementor-widget elementor-widget-image\" data-id=\"d4b9c33\" data-element_type=\"widget\" data-widget_type=\"image.default\">\n\t\t\t\t\t\t\t\t\t\t\t\t\t\t\t<img fetchpriority=\"high\" decoding=\"async\" width=\"705\" height=\"389\" src=\"https:\/\/akzrp.cz\/wp-content\/uploads\/2023\/11\/contact_phone.png\" class=\"attachment-large size-large wp-image-864\" alt=\"\" srcset=\"https:\/\/akzrp.cz\/wp-content\/uploads\/2023\/11\/contact_phone.png 705w, https:\/\/akzrp.cz\/wp-content\/uploads\/2023\/11\/contact_phone-300x166.png 300w, https:\/\/akzrp.cz\/wp-content\/uploads\/2023\/11\/contact_phone-200x110.png 200w, https:\/\/akzrp.cz\/wp-content\/uploads\/2023\/11\/contact_phone-400x221.png 400w, https:\/\/akzrp.cz\/wp-content\/uploads\/2023\/11\/contact_phone-600x331.png 600w\" sizes=\"(max-width: 705px) 100vw, 705px\" \/>\t\t\t\t\t\t\t\t\t\t\t\t\t\t\t<\/div>\n\t\t\t\t<\/div>\n\t\t\t\t<\/div>\n\t\t\t\t<\/div>\n\t\t\t\t\t<\/div>\n\t\t\t\t<\/div>\n\t\t\t\t<\/div>\n\t\t","protected":false},"excerpt":{"rendered":"<p>Fee Schedule Each legal matter is unique; therefore, we always prepare a&nbsp;customised fee proposal tailored to the specific case. When determining the price for services, we consider the value of the matter, its legal and factual complexity, and the time required. Fees may be determined in two ways: 1) Contractual fee \u2013 If a&nbsp;contractual fee [&hellip;]<\/p>\n","protected":false},"author":4,"featured_media":0,"parent":0,"menu_order":0,"comment_status":"closed","ping_status":"closed","template":"","meta":{"footnotes":""},"class_list":["post-871","page","type-page","status-publish","hentry"],"yoast_head":"<!-- This site is optimized with the Yoast SEO plugin v25.9 - https:\/\/yoast.com\/wordpress\/plugins\/seo\/ -->\n<title>Fee Schedule - AK \u017dIDULIAKOV\u00c1, ROUL &amp; PARTNERS<\/title>\n<meta name=\"robots\" content=\"index, follow, max-snippet:-1, max-image-preview:large, max-video-preview:-1\" \/>\n<link rel=\"canonical\" href=\"https:\/\/akzrp.cz\/en\/fee-schedule\/\" \/>\n<meta property=\"og:locale\" content=\"en_US\" \/>\n<meta property=\"og:type\" content=\"article\" \/>\n<meta property=\"og:title\" content=\"Fee Schedule - AK \u017dIDULIAKOV\u00c1, ROUL &amp; PARTNERS\" \/>\n<meta property=\"og:description\" content=\"Fee Schedule Each legal matter is unique; therefore, we always prepare a&nbsp;customised fee proposal tailored to the specific case. When determining the price for services, we consider the value of the matter, its legal and factual complexity, and the time required. Fees may be determined in two ways: 1) Contractual fee \u2013 If a&nbsp;contractual fee [&hellip;]\" \/>\n<meta property=\"og:url\" content=\"https:\/\/akzrp.cz\/en\/fee-schedule\/\" \/>\n<meta property=\"og:site_name\" content=\"AK \u017dIDULIAKOV\u00c1, ROUL &amp; PARTNERS\" \/>\n<meta property=\"article:modified_time\" content=\"2025-09-16T12:12:19+00:00\" \/>\n<meta property=\"og:image\" content=\"https:\/\/akzrp.cz\/wp-content\/uploads\/2023\/11\/contact_phone.png\" \/>\n\t<meta property=\"og:image:width\" content=\"705\" \/>\n\t<meta property=\"og:image:height\" content=\"389\" \/>\n\t<meta property=\"og:image:type\" content=\"image\/png\" \/>\n<meta name=\"twitter:card\" content=\"summary_large_image\" \/>\n<meta name=\"twitter:label1\" content=\"Est. reading time\" \/>\n\t<meta name=\"twitter:data1\" content=\"1 minute\" \/>\n<script type=\"application\/ld+json\" class=\"yoast-schema-graph\">{\"@context\":\"https:\/\/schema.org\",\"@graph\":[{\"@type\":\"WebPage\",\"@id\":\"https:\/\/akzrp.cz\/en\/fee-schedule\/\",\"url\":\"https:\/\/akzrp.cz\/en\/fee-schedule\/\",\"name\":\"Fee Schedule - AK \u017dIDULIAKOV\u00c1, ROUL &amp; PARTNERS\",\"isPartOf\":{\"@id\":\"https:\/\/akzrp.cz\/en\/#website\"},\"primaryImageOfPage\":{\"@id\":\"https:\/\/akzrp.cz\/en\/fee-schedule\/#primaryimage\"},\"image\":{\"@id\":\"https:\/\/akzrp.cz\/en\/fee-schedule\/#primaryimage\"},\"thumbnailUrl\":\"https:\/\/akzrp.cz\/wp-content\/uploads\/2023\/11\/contact_phone.png\",\"datePublished\":\"2025-09-15T22:07:53+00:00\",\"dateModified\":\"2025-09-16T12:12:19+00:00\",\"breadcrumb\":{\"@id\":\"https:\/\/akzrp.cz\/en\/fee-schedule\/#breadcrumb\"},\"inLanguage\":\"en-US\",\"potentialAction\":[{\"@type\":\"ReadAction\",\"target\":[\"https:\/\/akzrp.cz\/en\/fee-schedule\/\"]}]},{\"@type\":\"ImageObject\",\"inLanguage\":\"en-US\",\"@id\":\"https:\/\/akzrp.cz\/en\/fee-schedule\/#primaryimage\",\"url\":\"https:\/\/akzrp.cz\/wp-content\/uploads\/2023\/11\/contact_phone.png\",\"contentUrl\":\"https:\/\/akzrp.cz\/wp-content\/uploads\/2023\/11\/contact_phone.png\"},{\"@type\":\"BreadcrumbList\",\"@id\":\"https:\/\/akzrp.cz\/en\/fee-schedule\/#breadcrumb\",\"itemListElement\":[{\"@type\":\"ListItem\",\"position\":1,\"name\":\"Dom\u016f\",\"item\":\"https:\/\/akzrp.cz\/en\/home\/\"},{\"@type\":\"ListItem\",\"position\":2,\"name\":\"Fee Schedule\"}]},{\"@type\":\"WebSite\",\"@id\":\"https:\/\/akzrp.cz\/en\/#website\",\"url\":\"https:\/\/akzrp.cz\/en\/\",\"name\":\"AK \u017dIDULIAKOV\u00c1, ROUL & PARTNERS\",\"description\":\"Poskytujeme komplexn\u00ed pr\u00e1vn\u00ed poradenstv\u00ed na cel\u00e9m \u00fazem\u00ed \u010cesk\u00e9 republiky. S na\u0161imi klienty si zakl\u00e1d\u00e1me na osobn\u00edch a p\u0159\u00e1telsk\u00fdch vztaz\u00edch, z\u00e1rove\u0148 si v\u0161ak st\u00e1le zachov\u00e1v\u00e1me profesion\u00e1ln\u00ed p\u0159\u00edstup.\",\"publisher\":{\"@id\":\"https:\/\/akzrp.cz\/en\/#organization\"},\"potentialAction\":[{\"@type\":\"SearchAction\",\"target\":{\"@type\":\"EntryPoint\",\"urlTemplate\":\"https:\/\/akzrp.cz\/en\/?s={search_term_string}\"},\"query-input\":{\"@type\":\"PropertyValueSpecification\",\"valueRequired\":true,\"valueName\":\"search_term_string\"}}],\"inLanguage\":\"en-US\"},{\"@type\":\"Organization\",\"@id\":\"https:\/\/akzrp.cz\/en\/#organization\",\"name\":\"AK \u017dIDULIAKOV\u00c1, ROUL & PARTNERS\",\"url\":\"https:\/\/akzrp.cz\/en\/\",\"logo\":{\"@type\":\"ImageObject\",\"inLanguage\":\"en-US\",\"@id\":\"https:\/\/akzrp.cz\/en\/#\/schema\/logo\/image\/\",\"url\":\"https:\/\/akzrp.cz\/wp-content\/uploads\/2024\/09\/cropped-Logo-ZR-Symbol.png\",\"contentUrl\":\"https:\/\/akzrp.cz\/wp-content\/uploads\/2024\/09\/cropped-Logo-ZR-Symbol.png\",\"width\":512,\"height\":512,\"caption\":\"AK \u017dIDULIAKOV\u00c1, ROUL & PARTNERS\"},\"image\":{\"@id\":\"https:\/\/akzrp.cz\/en\/#\/schema\/logo\/image\/\"}}]}<\/script>\n<!-- \/ Yoast SEO plugin. -->","yoast_head_json":{"title":"Fee Schedule - AK \u017dIDULIAKOV\u00c1, ROUL &amp; PARTNERS","robots":{"index":"index","follow":"follow","max-snippet":"max-snippet:-1","max-image-preview":"max-image-preview:large","max-video-preview":"max-video-preview:-1"},"canonical":"https:\/\/akzrp.cz\/en\/fee-schedule\/","og_locale":"en_US","og_type":"article","og_title":"Fee Schedule - AK \u017dIDULIAKOV\u00c1, ROUL &amp; PARTNERS","og_description":"Fee Schedule Each legal matter is unique; therefore, we always prepare a&nbsp;customised fee proposal tailored to the specific case. When determining the price for services, we consider the value of the matter, its legal and factual complexity, and the time required. Fees may be determined in two ways: 1) Contractual fee \u2013 If a&nbsp;contractual fee [&hellip;]","og_url":"https:\/\/akzrp.cz\/en\/fee-schedule\/","og_site_name":"AK \u017dIDULIAKOV\u00c1, ROUL &amp; PARTNERS","article_modified_time":"2025-09-16T12:12:19+00:00","og_image":[{"width":705,"height":389,"url":"https:\/\/akzrp.cz\/wp-content\/uploads\/2023\/11\/contact_phone.png","type":"image\/png"}],"twitter_card":"summary_large_image","twitter_misc":{"Est. reading time":"1 minute"},"schema":{"@context":"https:\/\/schema.org","@graph":[{"@type":"WebPage","@id":"https:\/\/akzrp.cz\/en\/fee-schedule\/","url":"https:\/\/akzrp.cz\/en\/fee-schedule\/","name":"Fee Schedule - AK \u017dIDULIAKOV\u00c1, ROUL &amp; PARTNERS","isPartOf":{"@id":"https:\/\/akzrp.cz\/en\/#website"},"primaryImageOfPage":{"@id":"https:\/\/akzrp.cz\/en\/fee-schedule\/#primaryimage"},"image":{"@id":"https:\/\/akzrp.cz\/en\/fee-schedule\/#primaryimage"},"thumbnailUrl":"https:\/\/akzrp.cz\/wp-content\/uploads\/2023\/11\/contact_phone.png","datePublished":"2025-09-15T22:07:53+00:00","dateModified":"2025-09-16T12:12:19+00:00","breadcrumb":{"@id":"https:\/\/akzrp.cz\/en\/fee-schedule\/#breadcrumb"},"inLanguage":"en-US","potentialAction":[{"@type":"ReadAction","target":["https:\/\/akzrp.cz\/en\/fee-schedule\/"]}]},{"@type":"ImageObject","inLanguage":"en-US","@id":"https:\/\/akzrp.cz\/en\/fee-schedule\/#primaryimage","url":"https:\/\/akzrp.cz\/wp-content\/uploads\/2023\/11\/contact_phone.png","contentUrl":"https:\/\/akzrp.cz\/wp-content\/uploads\/2023\/11\/contact_phone.png"},{"@type":"BreadcrumbList","@id":"https:\/\/akzrp.cz\/en\/fee-schedule\/#breadcrumb","itemListElement":[{"@type":"ListItem","position":1,"name":"Dom\u016f","item":"https:\/\/akzrp.cz\/en\/home\/"},{"@type":"ListItem","position":2,"name":"Fee Schedule"}]},{"@type":"WebSite","@id":"https:\/\/akzrp.cz\/en\/#website","url":"https:\/\/akzrp.cz\/en\/","name":"AK \u017dIDULIAKOV\u00c1, ROUL & PARTNERS","description":"Poskytujeme komplexn\u00ed pr\u00e1vn\u00ed poradenstv\u00ed na cel\u00e9m \u00fazem\u00ed \u010cesk\u00e9 republiky. S na\u0161imi klienty si zakl\u00e1d\u00e1me na osobn\u00edch a p\u0159\u00e1telsk\u00fdch vztaz\u00edch, z\u00e1rove\u0148 si v\u0161ak st\u00e1le zachov\u00e1v\u00e1me profesion\u00e1ln\u00ed p\u0159\u00edstup.","publisher":{"@id":"https:\/\/akzrp.cz\/en\/#organization"},"potentialAction":[{"@type":"SearchAction","target":{"@type":"EntryPoint","urlTemplate":"https:\/\/akzrp.cz\/en\/?s={search_term_string}"},"query-input":{"@type":"PropertyValueSpecification","valueRequired":true,"valueName":"search_term_string"}}],"inLanguage":"en-US"},{"@type":"Organization","@id":"https:\/\/akzrp.cz\/en\/#organization","name":"AK \u017dIDULIAKOV\u00c1, ROUL & PARTNERS","url":"https:\/\/akzrp.cz\/en\/","logo":{"@type":"ImageObject","inLanguage":"en-US","@id":"https:\/\/akzrp.cz\/en\/#\/schema\/logo\/image\/","url":"https:\/\/akzrp.cz\/wp-content\/uploads\/2024\/09\/cropped-Logo-ZR-Symbol.png","contentUrl":"https:\/\/akzrp.cz\/wp-content\/uploads\/2024\/09\/cropped-Logo-ZR-Symbol.png","width":512,"height":512,"caption":"AK \u017dIDULIAKOV\u00c1, ROUL & PARTNERS"},"image":{"@id":"https:\/\/akzrp.cz\/en\/#\/schema\/logo\/image\/"}}]}},"_links":{"self":[{"href":"https:\/\/akzrp.cz\/en\/wp-json\/wp\/v2\/pages\/871","targetHints":{"allow":["GET"]}}],"collection":[{"href":"https:\/\/akzrp.cz\/en\/wp-json\/wp\/v2\/pages"}],"about":[{"href":"https:\/\/akzrp.cz\/en\/wp-json\/wp\/v2\/types\/page"}],"author":[{"embeddable":true,"href":"https:\/\/akzrp.cz\/en\/wp-json\/wp\/v2\/users\/4"}],"replies":[{"embeddable":true,"href":"https:\/\/akzrp.cz\/en\/wp-json\/wp\/v2\/comments?post=871"}],"version-history":[{"count":7,"href":"https:\/\/akzrp.cz\/en\/wp-json\/wp\/v2\/pages\/871\/revisions"}],"predecessor-version":[{"id":932,"href":"https:\/\/akzrp.cz\/en\/wp-json\/wp\/v2\/pages\/871\/revisions\/932"}],"wp:attachment":[{"href":"https:\/\/akzrp.cz\/en\/wp-json\/wp\/v2\/media?parent=871"}],"curies":[{"name":"wp","href":"https:\/\/api.w.org\/{rel}","templated":true}]}}