{"id":875,"date":"2025-09-16T00:07:54","date_gmt":"2025-09-15T22:07:54","guid":{"rendered":"https:\/\/akzrp.cz\/contacts\/"},"modified":"2025-09-22T16:11:22","modified_gmt":"2025-09-22T14:11:22","slug":"contacts","status":"publish","type":"page","link":"https:\/\/akzrp.cz\/en\/contacts\/","title":{"rendered":"Contacts"},"content":{"rendered":"\t\t<div data-elementor-type=\"wp-page\" data-elementor-id=\"875\" class=\"elementor elementor-875 elementor-722\" data-elementor-post-type=\"page\">\n\t\t\t\t<div class=\"elementor-element elementor-element-446b2c7 e-flex e-con-boxed e-con e-parent\" data-id=\"446b2c7\" data-element_type=\"container\" data-settings=\"{&quot;background_background&quot;:&quot;classic&quot;}\">\n\t\t\t\t\t<div class=\"e-con-inner\">\n\t\t\t\t<div class=\"elementor-element elementor-element-4214b97 elementor-widget elementor-widget-heading\" data-id=\"4214b97\" data-element_type=\"widget\" data-widget_type=\"heading.default\">\n\t\t\t\t\t<h1 class=\"elementor-heading-title elementor-size-default\">Contacts<\/h1>\t\t\t\t<\/div>\n\t\t\t\t\t<\/div>\n\t\t\t\t<\/div>\n\t\t<div class=\"elementor-element elementor-element-7eee347 e-flex e-con-boxed e-con e-parent\" data-id=\"7eee347\" data-element_type=\"container\" data-settings=\"{&quot;background_background&quot;:&quot;classic&quot;}\">\n\t\t\t\t\t<div class=\"e-con-inner\">\n\t\t<div class=\"elementor-element elementor-element-e0eb3a6 e-con-full e-flex e-con e-child\" data-id=\"e0eb3a6\" data-element_type=\"container\">\n\t\t<div class=\"elementor-element elementor-element-506384e e-con-full e-flex e-con e-child\" data-id=\"506384e\" data-element_type=\"container\">\n\t\t\t\t<div class=\"elementor-element elementor-element-82542f4 elementor-widget elementor-widget-heading\" data-id=\"82542f4\" data-element_type=\"widget\" data-widget_type=\"heading.default\">\n\t\t\t\t\t<h2 class=\"elementor-heading-title elementor-size-default\">Contact us<\/h2>\t\t\t\t<\/div>\n\t\t\t\t<\/div>\n\t\t<div class=\"elementor-element elementor-element-a726030 e-con-full e-flex e-con e-child\" data-id=\"a726030\" data-element_type=\"container\">\n\t\t\t\t<div class=\"elementor-element elementor-element-7c1b8f5 elementor-widget elementor-widget-heading\" data-id=\"7c1b8f5\" data-element_type=\"widget\" data-widget_type=\"heading.default\">\n\t\t\t\t\t<h3 class=\"elementor-heading-title elementor-size-default\">AK \u017diduliakov\u00e1, Roul &amp; partners, s.r.o.<\/h3>\t\t\t\t<\/div>\n\t\t\t\t<div class=\"elementor-element elementor-element-a915be3 elementor-widget elementor-widget-heading\" data-id=\"a915be3\" data-element_type=\"widget\" data-widget_type=\"heading.default\">\n\t\t\t\t\t<h4 class=\"elementor-heading-title elementor-size-default\">spole\u010dnost veden\u00e1 v&nbsp;OR u&nbsp;Krajsk\u00e9ho soudu v&nbsp;Hradci Kr\u00e1lov\u00e9, odd\u00edl C, vlo\u017eka 54381\n<\/h4>\t\t\t\t<\/div>\n\t\t\t\t<div class=\"elementor-element elementor-element-60195cf elementor-widget elementor-widget-heading\" data-id=\"60195cf\" data-element_type=\"widget\" data-widget_type=\"heading.default\">\n\t\t\t\t\t<h3 class=\"elementor-heading-title elementor-size-default\"><strong>I\u010cO: <\/strong>213&nbsp;30&nbsp;999<\/h3>\t\t\t\t<\/div>\n\t\t\t\t<\/div>\n\t\t\t\t<div class=\"elementor-element elementor-element-10ca3a9 elementor-icon-list--layout-traditional elementor-list-item-link-full_width elementor-widget elementor-widget-icon-list\" data-id=\"10ca3a9\" data-element_type=\"widget\" data-widget_type=\"icon-list.default\">\n\t\t\t\t\t\t\t<ul class=\"elementor-icon-list-items\">\n\t\t\t\t\t\t\t<li class=\"elementor-icon-list-item\">\n\t\t\t\t\t\t\t\t\t\t\t<a href=\"mailto:kancelar@akzrp.cz\">\n\n\t\t\t\t\t\t\t\t\t\t\t\t<span class=\"elementor-icon-list-icon\">\n\t\t\t\t\t\t\t<svg aria-hidden=\"true\" class=\"e-font-icon-svg e-fas-envelope\" viewBox=\"0 0 512 512\" xmlns=\"http:\/\/www.w3.org\/2000\/svg\"><path d=\"M502.3 190.8c3.9-3.1 9.7-.2 9.7 4.7V400c0 26.5-21.5 48-48 48H48c-26.5 0-48-21.5-48-48V195.6c0-5 5.7-7.8 9.7-4.7 22.4 17.4 52.1 39.5 154.1 113.6 21.1 15.4 56.7 47.8 92.2 47.6 35.7.3 72-32.8 92.3-47.6 102-74.1 131.6-96.3 154-113.7zM256 320c23.2.4 56.6-29.2 73.4-41.4 132.7-96.3 142.8-104.7 173.4-128.7 5.8-4.5 9.2-11.5 9.2-18.9v-19c0-26.5-21.5-48-48-48H48C21.5 64 0 85.5 0 112v19c0 7.4 3.4 14.3 9.2 18.9 30.6 23.9 40.7 32.4 173.4 128.7 16.8 12.2 50.2 41.8 73.4 41.4z\"><\/path><\/svg>\t\t\t\t\t\t<\/span>\n\t\t\t\t\t\t\t\t\t\t<span class=\"elementor-icon-list-text\">kancelar@akzrp.cz<\/span>\n\t\t\t\t\t\t\t\t\t\t\t<\/a>\n\t\t\t\t\t\t\t\t\t<\/li>\n\t\t\t\t\t\t\t\t<li class=\"elementor-icon-list-item\">\n\t\t\t\t\t\t\t\t\t\t\t<a href=\"tel:+420%20734%20202%20527\">\n\n\t\t\t\t\t\t\t\t\t\t\t\t<span class=\"elementor-icon-list-icon\">\n\t\t\t\t\t\t\t<svg aria-hidden=\"true\" class=\"e-font-icon-svg e-fas-phone-alt\" viewBox=\"0 0 512 512\" xmlns=\"http:\/\/www.w3.org\/2000\/svg\"><path d=\"M497.39 361.8l-112-48a24 24 0 0 0-28 6.9l-49.6 60.6A370.66 370.66 0 0 1 130.6 204.11l60.6-49.6a23.94 23.94 0 0 0 6.9-28l-48-112A24.16 24.16 0 0 0 122.6.61l-104 24A24 24 0 0 0 0 48c0 256.5 207.9 464 464 464a24 24 0 0 0 23.4-18.6l24-104a24.29 24.29 0 0 0-14.01-27.6z\"><\/path><\/svg>\t\t\t\t\t\t<\/span>\n\t\t\t\t\t\t\t\t\t\t<span class=\"elementor-icon-list-text\">+420&nbsp;734&nbsp;202&nbsp;527<\/span>\n\t\t\t\t\t\t\t\t\t\t\t<\/a>\n\t\t\t\t\t\t\t\t\t<\/li>\n\t\t\t\t\t\t<\/ul>\n\t\t\t\t\t\t<\/div>\n\t\t\t\t<\/div>\n\t\t<div class=\"elementor-element elementor-element-2e4ba99 e-con-full animated-fast e-flex elementor-invisible e-con e-child\" data-id=\"2e4ba99\" data-element_type=\"container\" data-settings=\"{&quot;animation&quot;:&quot;slideInLeft&quot;,&quot;animation_delay&quot;:100}\">\n\t\t<div class=\"elementor-element elementor-element-d0286fb e-con-full e-flex e-con e-child\" data-id=\"d0286fb\" data-element_type=\"container\">\n\t\t\t\t<div class=\"elementor-element elementor-element-6adc5c5 elementor-widget elementor-widget-heading\" data-id=\"6adc5c5\" data-element_type=\"widget\" data-widget_type=\"heading.default\">\n\t\t\t\t\t<h2 class=\"elementor-heading-title elementor-size-default\">Office<\/h2>\t\t\t\t<\/div>\n\t\t\t\t<div class=\"elementor-element elementor-element-1d8dcea elementor-icon-list--layout-traditional elementor-list-item-link-full_width elementor-widget elementor-widget-icon-list\" data-id=\"1d8dcea\" data-element_type=\"widget\" data-widget_type=\"icon-list.default\">\n\t\t\t\t\t\t\t<ul class=\"elementor-icon-list-items\">\n\t\t\t\t\t\t\t<li class=\"elementor-icon-list-item\">\n\t\t\t\t\t\t\t\t\t\t\t<a href=\"https:\/\/www.google.com\/maps\/place\/Kr\u00e1tk\u00fd+l\u00e1n+138%2F8,+160+00+Praha+6-Vokovice\/@50.0967144,14.359629,17z\/data=!3m1!4b1!4m6!3m5!1s0x470b95687971b803:0x3e254e7461463b08!8m2!3d50.0967144!4d14.3622093!16s%2Fg%2F11cshy8y17?entry=tts\">\n\n\t\t\t\t\t\t\t\t\t\t\t\t<span class=\"elementor-icon-list-icon\">\n\t\t\t\t\t\t\t<svg aria-hidden=\"true\" class=\"e-font-icon-svg e-fas-map-marker-alt\" viewBox=\"0 0 384 512\" xmlns=\"http:\/\/www.w3.org\/2000\/svg\"><path d=\"M172.268 501.67C26.97 291.031 0 269.413 0 192 0 85.961 85.961 0 192 0s192 85.961 192 192c0 77.413-26.97 99.031-172.268 309.67-9.535 13.774-29.93 13.773-39.464 0zM192 272c44.183 0 80-35.817 80-80s-35.817-80-80-80-80 35.817-80 80 35.817 80 80 80z\"><\/path><\/svg>\t\t\t\t\t\t<\/span>\n\t\t\t\t\t\t\t\t\t\t<span class=\"elementor-icon-list-text\">Kr\u00e1tk\u00fd l\u00e1n 138\/8, <br>160&nbsp;00 Praha<\/span>\n\t\t\t\t\t\t\t\t\t\t\t<\/a>\n\t\t\t\t\t\t\t\t\t<\/li>\n\t\t\t\t\t\t<\/ul>\n\t\t\t\t\t\t<\/div>\n\t\t\t\t<\/div>\n\t\t\t\t<div class=\"elementor-element elementor-element-9b02d85 elementor-widget elementor-widget-google_maps\" data-id=\"9b02d85\" data-element_type=\"widget\" data-widget_type=\"google_maps.default\">\n\t\t\t\t\t\t\t<div class=\"elementor-custom-embed\">\n\t\t\t<iframe loading=\"lazy\"\n\t\t\t\t\tsrc=\"https:\/\/maps.google.com\/maps?q=Kr%C3%A1tk%C3%BD%20l%C3%A1n%20138%2F8&#038;t=m&#038;z=13&#038;output=embed&#038;iwloc=near\"\n\t\t\t\t\ttitle=\"Kr\u00e1tk\u00fd l\u00e1n 138\/8\"\n\t\t\t\t\taria-label=\"Kr\u00e1tk\u00fd l\u00e1n 138\/8\"\n\t\t\t><\/iframe>\n\t\t<\/div>\n\t\t\t\t\t\t<\/div>\n\t\t\t\t<\/div>\n\t\t<div class=\"elementor-element elementor-element-56eda60 e-con-full animated-fast e-flex elementor-invisible e-con e-child\" data-id=\"56eda60\" data-element_type=\"container\" data-settings=\"{&quot;animation&quot;:&quot;slideInLeft&quot;,&quot;animation_delay&quot;:100}\">\n\t\t<div class=\"elementor-element elementor-element-ae957bc e-con-full e-flex e-con e-child\" data-id=\"ae957bc\" data-element_type=\"container\">\n\t\t\t\t<div class=\"elementor-element elementor-element-0f1253b elementor-widget elementor-widget-heading\" data-id=\"0f1253b\" data-element_type=\"widget\" data-widget_type=\"heading.default\">\n\t\t\t\t\t<h2 class=\"elementor-heading-title elementor-size-default\">Branch Office<\/h2>\t\t\t\t<\/div>\n\t\t\t\t<div class=\"elementor-element elementor-element-4469e45 elementor-icon-list--layout-traditional elementor-list-item-link-full_width elementor-widget elementor-widget-icon-list\" data-id=\"4469e45\" data-element_type=\"widget\" data-widget_type=\"icon-list.default\">\n\t\t\t\t\t\t\t<ul class=\"elementor-icon-list-items\">\n\t\t\t\t\t\t\t<li class=\"elementor-icon-list-item\">\n\t\t\t\t\t\t\t\t\t\t\t<a href=\"https:\/\/www.google.com\/maps\/place\/Husovo+n\u00e1m.+139,+584+01+Lede\u010d+nad+S\u00e1zavou\/@49.6954285,15.2762803,17z\/data=!3m1!4b1!4m6!3m5!1s0x470c58380d61a451:0xccabd0c5b64b4cd!8m2!3d49.6954251!4d15.2788552!16s%2Fg%2F11c2cpprqf?entry=ttu&#038;g_ep=EgoyMDI0MDkwOC4wIKXMDSoASAFQAw%3D%3D\">\n\n\t\t\t\t\t\t\t\t\t\t\t\t<span class=\"elementor-icon-list-icon\">\n\t\t\t\t\t\t\t<svg aria-hidden=\"true\" class=\"e-font-icon-svg e-fas-map-marker-alt\" viewBox=\"0 0 384 512\" xmlns=\"http:\/\/www.w3.org\/2000\/svg\"><path d=\"M172.268 501.67C26.97 291.031 0 269.413 0 192 0 85.961 85.961 0 192 0s192 85.961 192 192c0 77.413-26.97 99.031-172.268 309.67-9.535 13.774-29.93 13.773-39.464 0zM192 272c44.183 0 80-35.817 80-80s-35.817-80-80-80-80 35.817-80 80 35.817 80 80 80z\"><\/path><\/svg>\t\t\t\t\t\t<\/span>\n\t\t\t\t\t\t\t\t\t\t<span class=\"elementor-icon-list-text\">Husovo n\u00e1m\u011bst\u00ed 139,<br>584&nbsp;01 Lede\u010d nad S\u00e1zavou<\/span>\n\t\t\t\t\t\t\t\t\t\t\t<\/a>\n\t\t\t\t\t\t\t\t\t<\/li>\n\t\t\t\t\t\t<\/ul>\n\t\t\t\t\t\t<\/div>\n\t\t\t\t<\/div>\n\t\t\t\t<div class=\"elementor-element elementor-element-43c16b3 elementor-widget elementor-widget-google_maps\" data-id=\"43c16b3\" data-element_type=\"widget\" data-widget_type=\"google_maps.default\">\n\t\t\t\t\t\t\t<div class=\"elementor-custom-embed\">\n\t\t\t<iframe loading=\"lazy\"\n\t\t\t\t\tsrc=\"https:\/\/maps.google.com\/maps?q=Husovo%20n%C3%A1m.%20139&#038;t=m&#038;z=13&#038;output=embed&#038;iwloc=near\"\n\t\t\t\t\ttitle=\"Husovo n\u00e1m. 139\"\n\t\t\t\t\taria-label=\"Husovo n\u00e1m. 139\"\n\t\t\t><\/iframe>\n\t\t<\/div>\n\t\t\t\t\t\t<\/div>\n\t\t\t\t<\/div>\n\t\t\t\t\t<\/div>\n\t\t\t\t<\/div>\n\t\t<div class=\"elementor-element elementor-element-390efa3 e-flex e-con-boxed e-con e-parent\" data-id=\"390efa3\" data-element_type=\"container\" data-settings=\"{&quot;background_background&quot;:&quot;classic&quot;}\">\n\t\t\t\t\t<div class=\"e-con-inner\">\n\t\t\t\t<div class=\"elementor-element elementor-element-55c3808 elementor-widget elementor-widget-heading\" data-id=\"55c3808\" data-element_type=\"widget\" data-widget_type=\"heading.default\">\n\t\t\t\t\t<h2 class=\"elementor-heading-title elementor-size-default\">Contact us<\/h2>\t\t\t\t<\/div>\n\t\t\t\t<div class=\"elementor-element elementor-element-1f8abd0 elementor-button-align-center elementor-widget elementor-widget-form\" data-id=\"1f8abd0\" data-element_type=\"widget\" data-settings=\"{&quot;step_next_label&quot;:&quot;Next&quot;,&quot;step_previous_label&quot;:&quot;Previous&quot;,&quot;button_width&quot;:&quot;100&quot;,&quot;step_type&quot;:&quot;number_text&quot;,&quot;step_icon_shape&quot;:&quot;circle&quot;}\" data-widget_type=\"form.default\">\n\t\t\t\t\t\t\t<form class=\"elementor-form\" method=\"post\" id=\"kontaktni_form\" name=\"New Form\" aria-label=\"New Form\">\n\t\t\t<input type=\"hidden\" name=\"post_id\" value=\"875\"\/>\n\t\t\t<input type=\"hidden\" name=\"form_id\" value=\"1f8abd0\"\/>\n\t\t\t<input type=\"hidden\" name=\"referer_title\" value=\"Contacts - AK \u017dIDULIAKOV\u00c1, ROUL &amp; PARTNERS\" \/>\n\n\t\t\t\t\t\t\t<input type=\"hidden\" name=\"queried_id\" value=\"875\"\/>\n\t\t\t\n\t\t\t<div class=\"elementor-form-fields-wrapper elementor-labels-above\">\n\t\t\t\t\t\t\t\t<div class=\"elementor-field-type-text elementor-field-group elementor-column elementor-field-group-name elementor-col-100 elementor-field-required elementor-mark-required\">\n\t\t\t\t\t\t\t\t\t\t\t\t<label for=\"form-field-name\" class=\"elementor-field-label\">\n\t\t\t\t\t\t\t\tFull name\t\t\t\t\t\t\t<\/label>\n\t\t\t\t\t\t\t\t\t\t\t\t\t\t<input size=\"1\" type=\"text\" name=\"form_fields[name]\" id=\"form-field-name\" class=\"elementor-field elementor-size-sm  elementor-field-textual\" required=\"required\">\n\t\t\t\t\t\t\t\t\t\t\t<\/div>\n\t\t\t\t\t\t\t\t<div class=\"elementor-field-type-email elementor-field-group elementor-column elementor-field-group-email elementor-col-50 elementor-field-required elementor-mark-required\">\n\t\t\t\t\t\t\t\t\t\t\t\t<label for=\"form-field-email\" class=\"elementor-field-label\">\n\t\t\t\t\t\t\t\tE-mail\t\t\t\t\t\t\t<\/label>\n\t\t\t\t\t\t\t\t\t\t\t\t\t\t<input size=\"1\" type=\"email\" name=\"form_fields[email]\" id=\"form-field-email\" class=\"elementor-field elementor-size-sm  elementor-field-textual\" required=\"required\">\n\t\t\t\t\t\t\t\t\t\t\t<\/div>\n\t\t\t\t\t\t\t\t<div class=\"elementor-field-type-tel elementor-field-group elementor-column elementor-field-group-field_7887d6e elementor-col-50\">\n\t\t\t\t\t\t\t\t\t\t\t\t<label for=\"form-field-field_7887d6e\" class=\"elementor-field-label\">\n\t\t\t\t\t\t\t\tPhone\t\t\t\t\t\t\t<\/label>\n\t\t\t\t\t\t\t\t<input size=\"1\" type=\"tel\" name=\"form_fields[field_7887d6e]\" id=\"form-field-field_7887d6e\" class=\"elementor-field elementor-size-sm  elementor-field-textual\" pattern=\"[0-9()#&amp;+*-=.]+\" title=\"Only numbers and phone characters (#, -, *, etc) are accepted.\">\n\n\t\t\t\t\t\t<\/div>\n\t\t\t\t\t\t\t\t<div class=\"elementor-field-type-textarea elementor-field-group elementor-column elementor-field-group-message elementor-col-100\">\n\t\t\t\t\t\t\t\t\t\t\t\t<label for=\"form-field-message\" class=\"elementor-field-label\">\n\t\t\t\t\t\t\t\tMessage\t\t\t\t\t\t\t<\/label>\n\t\t\t\t\t\t<textarea class=\"elementor-field-textual elementor-field  elementor-size-sm\" name=\"form_fields[message]\" id=\"form-field-message\" rows=\"6\"><\/textarea>\t\t\t\t<\/div>\n\t\t\t\t\t\t\t\t<div class=\"elementor-field-type-html elementor-field-group elementor-column elementor-field-group-field_578db6f elementor-col-100\">\n\t\t\t\t\tBy providing your personal data, you agree to the <a href=\"https:\/\/akzrp.cz\/en\/privacy-policy\/\">terms of our privacy policy<\/a>.\t\t\t\t<\/div>\n\t\t\t\t\t\t\t\t<div class=\"elementor-field-type-recaptcha_v3 elementor-field-group elementor-column elementor-field-group-field_fe2d1ab elementor-col-100 recaptcha_v3-bottomright\">\n\t\t\t\t\t<div class=\"elementor-field\" id=\"form-field-field_fe2d1ab\"><div class=\"elementor-g-recaptcha\" data-sitekey=\"6LfGz8orAAAAAPodGupYImu8o-rSBPDQrzbbSOxl\" data-type=\"v3\" data-action=\"Form\" data-badge=\"bottomright\" data-size=\"invisible\"><\/div><\/div>\t\t\t\t<\/div>\n\t\t\t\t\t\t\t\t<div class=\"elementor-field-type-text\">\n\t\t\t\t\t<input size=\"1\" type=\"text\" name=\"form_fields[field_834fa18]\" id=\"form-field-field_834fa18\" class=\"elementor-field elementor-size-sm \" style=\"display:none !important;\">\t\t\t\t<\/div>\n\t\t\t\t\t\t\t\t<div class=\"elementor-field-group elementor-column elementor-field-type-submit elementor-col-100 e-form__buttons\">\n\t\t\t\t\t<button class=\"elementor-button elementor-size-sm\" type=\"submit\">\n\t\t\t\t\t\t<span class=\"elementor-button-content-wrapper\">\n\t\t\t\t\t\t\t\t\t\t\t\t\t\t\t\t\t\t\t\t\t\t<span class=\"elementor-button-text\">Send Message<\/span>\n\t\t\t\t\t\t\t\t\t\t\t\t\t<\/span>\n\t\t\t\t\t<\/button>\n\t\t\t\t<\/div>\n\t\t\t<\/div>\n\t\t<\/form>\n\t\t\t\t\t\t<\/div>\n\t\t\t\t\t<\/div>\n\t\t\t\t<\/div>\n\t\t\t\t<\/div>\n\t\t","protected":false},"excerpt":{"rendered":"<p>Contacts Contact us AK \u017diduliakov\u00e1, Roul &amp; partners, s.r.o. spole\u010dnost veden\u00e1 v&nbsp;OR u&nbsp;Krajsk\u00e9ho soudu v&nbsp;Hradci Kr\u00e1lov\u00e9, odd\u00edl C, vlo\u017eka 54381 I\u010cO: 213&nbsp;30&nbsp;999 kancelar@akzrp.cz +420&nbsp;734&nbsp;202&nbsp;527 Office Kr\u00e1tk\u00fd l\u00e1n 138\/8, 160&nbsp;00 Praha Branch Office Husovo n\u00e1m\u011bst\u00ed 139,584&nbsp;01 Lede\u010d nad S\u00e1zavou Contact us<\/p>\n","protected":false},"author":4,"featured_media":0,"parent":0,"menu_order":0,"comment_status":"closed","ping_status":"closed","template":"","meta":{"footnotes":""},"class_list":["post-875","page","type-page","status-publish","hentry"],"yoast_head":"<!-- This site is optimized with the Yoast SEO plugin v25.9 - https:\/\/yoast.com\/wordpress\/plugins\/seo\/ -->\n<title>Contacts - AK \u017dIDULIAKOV\u00c1, ROUL &amp; PARTNERS<\/title>\n<meta name=\"robots\" content=\"index, follow, max-snippet:-1, max-image-preview:large, max-video-preview:-1\" \/>\n<link rel=\"canonical\" href=\"https:\/\/akzrp.cz\/en\/contacts\/\" \/>\n<meta property=\"og:locale\" content=\"en_US\" \/>\n<meta property=\"og:type\" content=\"article\" \/>\n<meta property=\"og:title\" content=\"Contacts - AK \u017dIDULIAKOV\u00c1, ROUL &amp; PARTNERS\" \/>\n<meta property=\"og:description\" content=\"Contacts Contact us AK \u017diduliakov\u00e1, Roul &amp; partners, s.r.o. spole\u010dnost veden\u00e1 v&nbsp;OR u&nbsp;Krajsk\u00e9ho soudu v&nbsp;Hradci Kr\u00e1lov\u00e9, odd\u00edl C, vlo\u017eka 54381 I\u010cO: 213&nbsp;30&nbsp;999 kancelar@akzrp.cz +420&nbsp;734&nbsp;202&nbsp;527 Office Kr\u00e1tk\u00fd l\u00e1n 138\/8, 160&nbsp;00 Praha Branch Office Husovo n\u00e1m\u011bst\u00ed 139,584&nbsp;01 Lede\u010d nad S\u00e1zavou Contact us\" \/>\n<meta property=\"og:url\" content=\"https:\/\/akzrp.cz\/en\/contacts\/\" \/>\n<meta property=\"og:site_name\" content=\"AK \u017dIDULIAKOV\u00c1, ROUL &amp; PARTNERS\" \/>\n<meta property=\"article:modified_time\" content=\"2025-09-22T14:11:22+00:00\" \/>\n<meta property=\"og:image\" content=\"https:\/\/akzrp.cz\/wp-content\/uploads\/2024\/09\/HP-bannerjpg-scaled.jpg\" \/>\n\t<meta property=\"og:image:width\" content=\"2560\" \/>\n\t<meta property=\"og:image:height\" content=\"1713\" \/>\n\t<meta property=\"og:image:type\" content=\"image\/jpeg\" \/>\n<meta name=\"twitter:card\" content=\"summary_large_image\" \/>\n<script type=\"application\/ld+json\" class=\"yoast-schema-graph\">{\"@context\":\"https:\/\/schema.org\",\"@graph\":[{\"@type\":\"WebPage\",\"@id\":\"https:\/\/akzrp.cz\/en\/contacts\/\",\"url\":\"https:\/\/akzrp.cz\/en\/contacts\/\",\"name\":\"Contacts - AK \u017dIDULIAKOV\u00c1, ROUL &amp; PARTNERS\",\"isPartOf\":{\"@id\":\"https:\/\/akzrp.cz\/en\/#website\"},\"datePublished\":\"2025-09-15T22:07:54+00:00\",\"dateModified\":\"2025-09-22T14:11:22+00:00\",\"breadcrumb\":{\"@id\":\"https:\/\/akzrp.cz\/en\/contacts\/#breadcrumb\"},\"inLanguage\":\"en-US\",\"potentialAction\":[{\"@type\":\"ReadAction\",\"target\":[\"https:\/\/akzrp.cz\/en\/contacts\/\"]}]},{\"@type\":\"BreadcrumbList\",\"@id\":\"https:\/\/akzrp.cz\/en\/contacts\/#breadcrumb\",\"itemListElement\":[{\"@type\":\"ListItem\",\"position\":1,\"name\":\"Dom\u016f\",\"item\":\"https:\/\/akzrp.cz\/en\/home\/\"},{\"@type\":\"ListItem\",\"position\":2,\"name\":\"Contacts\"}]},{\"@type\":\"WebSite\",\"@id\":\"https:\/\/akzrp.cz\/en\/#website\",\"url\":\"https:\/\/akzrp.cz\/en\/\",\"name\":\"AK \u017dIDULIAKOV\u00c1, ROUL & PARTNERS\",\"description\":\"Poskytujeme komplexn\u00ed pr\u00e1vn\u00ed poradenstv\u00ed na cel\u00e9m \u00fazem\u00ed \u010cesk\u00e9 republiky. S na\u0161imi klienty si zakl\u00e1d\u00e1me na osobn\u00edch a p\u0159\u00e1telsk\u00fdch vztaz\u00edch, z\u00e1rove\u0148 si v\u0161ak st\u00e1le zachov\u00e1v\u00e1me profesion\u00e1ln\u00ed p\u0159\u00edstup.\",\"publisher\":{\"@id\":\"https:\/\/akzrp.cz\/en\/#organization\"},\"potentialAction\":[{\"@type\":\"SearchAction\",\"target\":{\"@type\":\"EntryPoint\",\"urlTemplate\":\"https:\/\/akzrp.cz\/en\/?s={search_term_string}\"},\"query-input\":{\"@type\":\"PropertyValueSpecification\",\"valueRequired\":true,\"valueName\":\"search_term_string\"}}],\"inLanguage\":\"en-US\"},{\"@type\":\"Organization\",\"@id\":\"https:\/\/akzrp.cz\/en\/#organization\",\"name\":\"AK \u017dIDULIAKOV\u00c1, ROUL & PARTNERS\",\"url\":\"https:\/\/akzrp.cz\/en\/\",\"logo\":{\"@type\":\"ImageObject\",\"inLanguage\":\"en-US\",\"@id\":\"https:\/\/akzrp.cz\/en\/#\/schema\/logo\/image\/\",\"url\":\"https:\/\/akzrp.cz\/wp-content\/uploads\/2024\/09\/cropped-Logo-ZR-Symbol.png\",\"contentUrl\":\"https:\/\/akzrp.cz\/wp-content\/uploads\/2024\/09\/cropped-Logo-ZR-Symbol.png\",\"width\":512,\"height\":512,\"caption\":\"AK \u017dIDULIAKOV\u00c1, ROUL & PARTNERS\"},\"image\":{\"@id\":\"https:\/\/akzrp.cz\/en\/#\/schema\/logo\/image\/\"}}]}<\/script>\n<!-- \/ Yoast SEO plugin. -->","yoast_head_json":{"title":"Contacts - AK \u017dIDULIAKOV\u00c1, ROUL &amp; PARTNERS","robots":{"index":"index","follow":"follow","max-snippet":"max-snippet:-1","max-image-preview":"max-image-preview:large","max-video-preview":"max-video-preview:-1"},"canonical":"https:\/\/akzrp.cz\/en\/contacts\/","og_locale":"en_US","og_type":"article","og_title":"Contacts - AK \u017dIDULIAKOV\u00c1, ROUL &amp; PARTNERS","og_description":"Contacts Contact us AK \u017diduliakov\u00e1, Roul &amp; partners, s.r.o. spole\u010dnost veden\u00e1 v&nbsp;OR u&nbsp;Krajsk\u00e9ho soudu v&nbsp;Hradci Kr\u00e1lov\u00e9, odd\u00edl C, vlo\u017eka 54381 I\u010cO: 213&nbsp;30&nbsp;999 kancelar@akzrp.cz +420&nbsp;734&nbsp;202&nbsp;527 Office Kr\u00e1tk\u00fd l\u00e1n 138\/8, 160&nbsp;00 Praha Branch Office Husovo n\u00e1m\u011bst\u00ed 139,584&nbsp;01 Lede\u010d nad S\u00e1zavou Contact us","og_url":"https:\/\/akzrp.cz\/en\/contacts\/","og_site_name":"AK \u017dIDULIAKOV\u00c1, ROUL &amp; PARTNERS","article_modified_time":"2025-09-22T14:11:22+00:00","og_image":[{"width":2560,"height":1713,"url":"https:\/\/akzrp.cz\/wp-content\/uploads\/2024\/09\/HP-bannerjpg-scaled.jpg","type":"image\/jpeg"}],"twitter_card":"summary_large_image","schema":{"@context":"https:\/\/schema.org","@graph":[{"@type":"WebPage","@id":"https:\/\/akzrp.cz\/en\/contacts\/","url":"https:\/\/akzrp.cz\/en\/contacts\/","name":"Contacts - AK \u017dIDULIAKOV\u00c1, ROUL &amp; PARTNERS","isPartOf":{"@id":"https:\/\/akzrp.cz\/en\/#website"},"datePublished":"2025-09-15T22:07:54+00:00","dateModified":"2025-09-22T14:11:22+00:00","breadcrumb":{"@id":"https:\/\/akzrp.cz\/en\/contacts\/#breadcrumb"},"inLanguage":"en-US","potentialAction":[{"@type":"ReadAction","target":["https:\/\/akzrp.cz\/en\/contacts\/"]}]},{"@type":"BreadcrumbList","@id":"https:\/\/akzrp.cz\/en\/contacts\/#breadcrumb","itemListElement":[{"@type":"ListItem","position":1,"name":"Dom\u016f","item":"https:\/\/akzrp.cz\/en\/home\/"},{"@type":"ListItem","position":2,"name":"Contacts"}]},{"@type":"WebSite","@id":"https:\/\/akzrp.cz\/en\/#website","url":"https:\/\/akzrp.cz\/en\/","name":"AK \u017dIDULIAKOV\u00c1, ROUL & PARTNERS","description":"Poskytujeme komplexn\u00ed pr\u00e1vn\u00ed poradenstv\u00ed na cel\u00e9m \u00fazem\u00ed \u010cesk\u00e9 republiky. S na\u0161imi klienty si zakl\u00e1d\u00e1me na osobn\u00edch a p\u0159\u00e1telsk\u00fdch vztaz\u00edch, z\u00e1rove\u0148 si v\u0161ak st\u00e1le zachov\u00e1v\u00e1me profesion\u00e1ln\u00ed p\u0159\u00edstup.","publisher":{"@id":"https:\/\/akzrp.cz\/en\/#organization"},"potentialAction":[{"@type":"SearchAction","target":{"@type":"EntryPoint","urlTemplate":"https:\/\/akzrp.cz\/en\/?s={search_term_string}"},"query-input":{"@type":"PropertyValueSpecification","valueRequired":true,"valueName":"search_term_string"}}],"inLanguage":"en-US"},{"@type":"Organization","@id":"https:\/\/akzrp.cz\/en\/#organization","name":"AK \u017dIDULIAKOV\u00c1, ROUL & PARTNERS","url":"https:\/\/akzrp.cz\/en\/","logo":{"@type":"ImageObject","inLanguage":"en-US","@id":"https:\/\/akzrp.cz\/en\/#\/schema\/logo\/image\/","url":"https:\/\/akzrp.cz\/wp-content\/uploads\/2024\/09\/cropped-Logo-ZR-Symbol.png","contentUrl":"https:\/\/akzrp.cz\/wp-content\/uploads\/2024\/09\/cropped-Logo-ZR-Symbol.png","width":512,"height":512,"caption":"AK \u017dIDULIAKOV\u00c1, ROUL & PARTNERS"},"image":{"@id":"https:\/\/akzrp.cz\/en\/#\/schema\/logo\/image\/"}}]}},"_links":{"self":[{"href":"https:\/\/akzrp.cz\/en\/wp-json\/wp\/v2\/pages\/875","targetHints":{"allow":["GET"]}}],"collection":[{"href":"https:\/\/akzrp.cz\/en\/wp-json\/wp\/v2\/pages"}],"about":[{"href":"https:\/\/akzrp.cz\/en\/wp-json\/wp\/v2\/types\/page"}],"author":[{"embeddable":true,"href":"https:\/\/akzrp.cz\/en\/wp-json\/wp\/v2\/users\/4"}],"replies":[{"embeddable":true,"href":"https:\/\/akzrp.cz\/en\/wp-json\/wp\/v2\/comments?post=875"}],"version-history":[{"count":5,"href":"https:\/\/akzrp.cz\/en\/wp-json\/wp\/v2\/pages\/875\/revisions"}],"predecessor-version":[{"id":977,"href":"https:\/\/akzrp.cz\/en\/wp-json\/wp\/v2\/pages\/875\/revisions\/977"}],"wp:attachment":[{"href":"https:\/\/akzrp.cz\/en\/wp-json\/wp\/v2\/media?parent=875"}],"curies":[{"name":"wp","href":"https:\/\/api.w.org\/{rel}","templated":true}]}}