{"id":955,"date":"2025-09-16T00:07:54","date_gmt":"2025-09-15T22:07:54","guid":{"rendered":"https:\/\/akzrp.cz\/consumer-protection\/"},"modified":"2025-09-22T15:34:28","modified_gmt":"2025-09-22T13:34:28","slug":"consumer-protection","status":"publish","type":"page","link":"https:\/\/akzrp.cz\/en\/consumer-protection\/","title":{"rendered":"Consumer protection"},"content":{"rendered":"\t\t<div data-elementor-type=\"wp-page\" data-elementor-id=\"955\" class=\"elementor elementor-955 elementor-782\" data-elementor-post-type=\"page\">\n\t\t\t\t<div class=\"elementor-element elementor-element-819b45a e-flex e-con-boxed e-con e-parent\" data-id=\"819b45a\" data-element_type=\"container\" data-settings=\"{&quot;background_background&quot;:&quot;classic&quot;}\">\n\t\t\t\t\t<div class=\"e-con-inner\">\n\t\t\t\t<div class=\"elementor-element elementor-element-809b065 elementor-widget elementor-widget-heading\" data-id=\"809b065\" data-element_type=\"widget\" data-widget_type=\"heading.default\">\n\t\t\t\t\t<h1 class=\"elementor-heading-title elementor-size-default\">Consumer protection<\/h1>\t\t\t\t<\/div>\n\t\t\t\t\t<\/div>\n\t\t\t\t<\/div>\n\t\t<div class=\"elementor-element elementor-element-063a55f e-flex e-con-boxed e-con e-parent\" data-id=\"063a55f\" data-element_type=\"container\" data-settings=\"{&quot;background_background&quot;:&quot;classic&quot;}\">\n\t\t\t\t\t<div class=\"e-con-inner\">\n\t\t\t\t<div class=\"elementor-element elementor-element-91ebaea elementor-widget elementor-widget-text-editor\" data-id=\"91ebaea\" data-element_type=\"widget\" data-widget_type=\"text-editor.default\">\n\t\t\t\t\t\t\t\t\t<p>The competent authority for out-of-court resolution of consumer disputes between a&nbsp;lawyer and a&nbsp;consumer arising from contracts for the provision of legal services, within the meaning of Act No. 634\/1992 Coll., on Consumer Protection, as amended, is the Czech Bar Association.<\/p><p>More information is available at the following link: <u><a href=\"https:\/\/www.cak.cz\/scripts\/detail.php?id=15607\" target=\"_blank\" rel=\"noopener\">https:\/\/www.cak.cz\/scripts\/detail.php?id=15607<\/a><\/u><\/p>\t\t\t\t\t\t\t\t<\/div>\n\t\t\t\t\t<\/div>\n\t\t\t\t<\/div>\n\t\t\t\t<\/div>\n\t\t","protected":false},"excerpt":{"rendered":"<p>Consumer protection The competent authority for out-of-court resolution of consumer disputes between alawyer and a&nbsp;consumer arising from contracts for the provision of legal services,within the meaning of Act No. 634\/1992 Coll., on Consumer Protection, as amended,is the Czech Bar Association. More information is available at the following link:https:\/\/www.cak.cz\/scripts\/detail.php?id=15607<\/p>\n","protected":false},"author":4,"featured_media":0,"parent":0,"menu_order":0,"comment_status":"closed","ping_status":"closed","template":"","meta":{"footnotes":""},"class_list":["post-955","page","type-page","status-publish","hentry"],"yoast_head":"<!-- This site is optimized with the Yoast SEO plugin v25.9 - https:\/\/yoast.com\/wordpress\/plugins\/seo\/ -->\n<title>Consumer protection - AK \u017dIDULIAKOV\u00c1, ROUL &amp; PARTNERS<\/title>\n<meta name=\"robots\" content=\"index, follow, max-snippet:-1, max-image-preview:large, max-video-preview:-1\" \/>\n<link rel=\"canonical\" href=\"https:\/\/akzrp.cz\/en\/consumer-protection\/\" \/>\n<meta property=\"og:locale\" content=\"en_US\" \/>\n<meta property=\"og:type\" content=\"article\" \/>\n<meta property=\"og:title\" content=\"Consumer protection - AK \u017dIDULIAKOV\u00c1, ROUL &amp; PARTNERS\" \/>\n<meta property=\"og:description\" content=\"Consumer protection The competent authority for out-of-court resolution of consumer disputes between alawyer and a&nbsp;consumer arising from contracts for the provision of legal services,within the meaning of Act No. 634\/1992 Coll., on Consumer Protection, as amended,is the Czech Bar Association. More information is available at the following link:https:\/\/www.cak.cz\/scripts\/detail.php?id=15607\" \/>\n<meta property=\"og:url\" content=\"https:\/\/akzrp.cz\/en\/consumer-protection\/\" \/>\n<meta property=\"og:site_name\" content=\"AK \u017dIDULIAKOV\u00c1, ROUL &amp; PARTNERS\" \/>\n<meta property=\"article:modified_time\" content=\"2025-09-22T13:34:28+00:00\" \/>\n<meta property=\"og:image\" content=\"https:\/\/akzrp.cz\/wp-content\/uploads\/2024\/09\/HP-bannerjpg-scaled.jpg\" \/>\n\t<meta property=\"og:image:width\" content=\"2560\" \/>\n\t<meta property=\"og:image:height\" content=\"1713\" \/>\n\t<meta property=\"og:image:type\" content=\"image\/jpeg\" \/>\n<meta name=\"twitter:card\" content=\"summary_large_image\" \/>\n<script type=\"application\/ld+json\" class=\"yoast-schema-graph\">{\"@context\":\"https:\/\/schema.org\",\"@graph\":[{\"@type\":\"WebPage\",\"@id\":\"https:\/\/akzrp.cz\/en\/consumer-protection\/\",\"url\":\"https:\/\/akzrp.cz\/en\/consumer-protection\/\",\"name\":\"Consumer protection - AK \u017dIDULIAKOV\u00c1, ROUL &amp; PARTNERS\",\"isPartOf\":{\"@id\":\"https:\/\/akzrp.cz\/en\/#website\"},\"datePublished\":\"2025-09-15T22:07:54+00:00\",\"dateModified\":\"2025-09-22T13:34:28+00:00\",\"breadcrumb\":{\"@id\":\"https:\/\/akzrp.cz\/en\/consumer-protection\/#breadcrumb\"},\"inLanguage\":\"en-US\",\"potentialAction\":[{\"@type\":\"ReadAction\",\"target\":[\"https:\/\/akzrp.cz\/en\/consumer-protection\/\"]}]},{\"@type\":\"BreadcrumbList\",\"@id\":\"https:\/\/akzrp.cz\/en\/consumer-protection\/#breadcrumb\",\"itemListElement\":[{\"@type\":\"ListItem\",\"position\":1,\"name\":\"Dom\u016f\",\"item\":\"https:\/\/akzrp.cz\/en\/home\/\"},{\"@type\":\"ListItem\",\"position\":2,\"name\":\"Consumer protection\"}]},{\"@type\":\"WebSite\",\"@id\":\"https:\/\/akzrp.cz\/en\/#website\",\"url\":\"https:\/\/akzrp.cz\/en\/\",\"name\":\"AK \u017dIDULIAKOV\u00c1, ROUL & PARTNERS\",\"description\":\"Poskytujeme komplexn\u00ed pr\u00e1vn\u00ed poradenstv\u00ed na cel\u00e9m \u00fazem\u00ed \u010cesk\u00e9 republiky. S na\u0161imi klienty si zakl\u00e1d\u00e1me na osobn\u00edch a p\u0159\u00e1telsk\u00fdch vztaz\u00edch, z\u00e1rove\u0148 si v\u0161ak st\u00e1le zachov\u00e1v\u00e1me profesion\u00e1ln\u00ed p\u0159\u00edstup.\",\"publisher\":{\"@id\":\"https:\/\/akzrp.cz\/en\/#organization\"},\"potentialAction\":[{\"@type\":\"SearchAction\",\"target\":{\"@type\":\"EntryPoint\",\"urlTemplate\":\"https:\/\/akzrp.cz\/en\/?s={search_term_string}\"},\"query-input\":{\"@type\":\"PropertyValueSpecification\",\"valueRequired\":true,\"valueName\":\"search_term_string\"}}],\"inLanguage\":\"en-US\"},{\"@type\":\"Organization\",\"@id\":\"https:\/\/akzrp.cz\/en\/#organization\",\"name\":\"AK \u017dIDULIAKOV\u00c1, ROUL & PARTNERS\",\"url\":\"https:\/\/akzrp.cz\/en\/\",\"logo\":{\"@type\":\"ImageObject\",\"inLanguage\":\"en-US\",\"@id\":\"https:\/\/akzrp.cz\/en\/#\/schema\/logo\/image\/\",\"url\":\"https:\/\/akzrp.cz\/wp-content\/uploads\/2024\/09\/cropped-Logo-ZR-Symbol.png\",\"contentUrl\":\"https:\/\/akzrp.cz\/wp-content\/uploads\/2024\/09\/cropped-Logo-ZR-Symbol.png\",\"width\":512,\"height\":512,\"caption\":\"AK \u017dIDULIAKOV\u00c1, ROUL & PARTNERS\"},\"image\":{\"@id\":\"https:\/\/akzrp.cz\/en\/#\/schema\/logo\/image\/\"}}]}<\/script>\n<!-- \/ Yoast SEO plugin. -->","yoast_head_json":{"title":"Consumer protection - AK \u017dIDULIAKOV\u00c1, ROUL &amp; PARTNERS","robots":{"index":"index","follow":"follow","max-snippet":"max-snippet:-1","max-image-preview":"max-image-preview:large","max-video-preview":"max-video-preview:-1"},"canonical":"https:\/\/akzrp.cz\/en\/consumer-protection\/","og_locale":"en_US","og_type":"article","og_title":"Consumer protection - AK \u017dIDULIAKOV\u00c1, ROUL &amp; PARTNERS","og_description":"Consumer protection The competent authority for out-of-court resolution of consumer disputes between alawyer and a&nbsp;consumer arising from contracts for the provision of legal services,within the meaning of Act No. 634\/1992 Coll., on Consumer Protection, as amended,is the Czech Bar Association. More information is available at the following link:https:\/\/www.cak.cz\/scripts\/detail.php?id=15607","og_url":"https:\/\/akzrp.cz\/en\/consumer-protection\/","og_site_name":"AK \u017dIDULIAKOV\u00c1, ROUL &amp; PARTNERS","article_modified_time":"2025-09-22T13:34:28+00:00","og_image":[{"width":2560,"height":1713,"url":"https:\/\/akzrp.cz\/wp-content\/uploads\/2024\/09\/HP-bannerjpg-scaled.jpg","type":"image\/jpeg"}],"twitter_card":"summary_large_image","schema":{"@context":"https:\/\/schema.org","@graph":[{"@type":"WebPage","@id":"https:\/\/akzrp.cz\/en\/consumer-protection\/","url":"https:\/\/akzrp.cz\/en\/consumer-protection\/","name":"Consumer protection - AK \u017dIDULIAKOV\u00c1, ROUL &amp; PARTNERS","isPartOf":{"@id":"https:\/\/akzrp.cz\/en\/#website"},"datePublished":"2025-09-15T22:07:54+00:00","dateModified":"2025-09-22T13:34:28+00:00","breadcrumb":{"@id":"https:\/\/akzrp.cz\/en\/consumer-protection\/#breadcrumb"},"inLanguage":"en-US","potentialAction":[{"@type":"ReadAction","target":["https:\/\/akzrp.cz\/en\/consumer-protection\/"]}]},{"@type":"BreadcrumbList","@id":"https:\/\/akzrp.cz\/en\/consumer-protection\/#breadcrumb","itemListElement":[{"@type":"ListItem","position":1,"name":"Dom\u016f","item":"https:\/\/akzrp.cz\/en\/home\/"},{"@type":"ListItem","position":2,"name":"Consumer protection"}]},{"@type":"WebSite","@id":"https:\/\/akzrp.cz\/en\/#website","url":"https:\/\/akzrp.cz\/en\/","name":"AK \u017dIDULIAKOV\u00c1, ROUL & PARTNERS","description":"Poskytujeme komplexn\u00ed pr\u00e1vn\u00ed poradenstv\u00ed na cel\u00e9m \u00fazem\u00ed \u010cesk\u00e9 republiky. S na\u0161imi klienty si zakl\u00e1d\u00e1me na osobn\u00edch a p\u0159\u00e1telsk\u00fdch vztaz\u00edch, z\u00e1rove\u0148 si v\u0161ak st\u00e1le zachov\u00e1v\u00e1me profesion\u00e1ln\u00ed p\u0159\u00edstup.","publisher":{"@id":"https:\/\/akzrp.cz\/en\/#organization"},"potentialAction":[{"@type":"SearchAction","target":{"@type":"EntryPoint","urlTemplate":"https:\/\/akzrp.cz\/en\/?s={search_term_string}"},"query-input":{"@type":"PropertyValueSpecification","valueRequired":true,"valueName":"search_term_string"}}],"inLanguage":"en-US"},{"@type":"Organization","@id":"https:\/\/akzrp.cz\/en\/#organization","name":"AK \u017dIDULIAKOV\u00c1, ROUL & PARTNERS","url":"https:\/\/akzrp.cz\/en\/","logo":{"@type":"ImageObject","inLanguage":"en-US","@id":"https:\/\/akzrp.cz\/en\/#\/schema\/logo\/image\/","url":"https:\/\/akzrp.cz\/wp-content\/uploads\/2024\/09\/cropped-Logo-ZR-Symbol.png","contentUrl":"https:\/\/akzrp.cz\/wp-content\/uploads\/2024\/09\/cropped-Logo-ZR-Symbol.png","width":512,"height":512,"caption":"AK \u017dIDULIAKOV\u00c1, ROUL & PARTNERS"},"image":{"@id":"https:\/\/akzrp.cz\/en\/#\/schema\/logo\/image\/"}}]}},"_links":{"self":[{"href":"https:\/\/akzrp.cz\/en\/wp-json\/wp\/v2\/pages\/955","targetHints":{"allow":["GET"]}}],"collection":[{"href":"https:\/\/akzrp.cz\/en\/wp-json\/wp\/v2\/pages"}],"about":[{"href":"https:\/\/akzrp.cz\/en\/wp-json\/wp\/v2\/types\/page"}],"author":[{"embeddable":true,"href":"https:\/\/akzrp.cz\/en\/wp-json\/wp\/v2\/users\/4"}],"replies":[{"embeddable":true,"href":"https:\/\/akzrp.cz\/en\/wp-json\/wp\/v2\/comments?post=955"}],"version-history":[{"count":3,"href":"https:\/\/akzrp.cz\/en\/wp-json\/wp\/v2\/pages\/955\/revisions"}],"predecessor-version":[{"id":966,"href":"https:\/\/akzrp.cz\/en\/wp-json\/wp\/v2\/pages\/955\/revisions\/966"}],"wp:attachment":[{"href":"https:\/\/akzrp.cz\/en\/wp-json\/wp\/v2\/media?parent=955"}],"curies":[{"name":"wp","href":"https:\/\/api.w.org\/{rel}","templated":true}]}}